{"id":12,"date":"2022-05-04T16:25:11","date_gmt":"2022-05-04T14:25:11","guid":{"rendered":"https:\/\/demosites.royal-elementor-addons.com\/carwash-v1\/?page_id=12"},"modified":"2026-04-21T17:24:44","modified_gmt":"2026-04-21T15:24:44","slug":"leistungen","status":"publish","type":"page","link":"https:\/\/toeppel-dach.de\/?page_id=12","title":{"rendered":"Leistungen"},"content":{"rendered":"\t\t<div data-elementor-type=\"wp-page\" data-elementor-id=\"12\" class=\"elementor elementor-12\">\n\t\t\t\t\t\t<section class=\"elementor-section elementor-top-section elementor-element elementor-element-61af1664 elementor-section-height-min-height elementor-section-boxed elementor-section-height-default elementor-section-items-middle wpr-particle-no wpr-jarallax-no wpr-parallax-no wpr-sticky-section-no\" data-id=\"61af1664\" data-element_type=\"section\" data-e-type=\"section\" data-settings=\"{&quot;background_background&quot;:&quot;classic&quot;}\">\n\t\t\t\t\t\t\t<div class=\"elementor-background-overlay\"><\/div>\n\t\t\t\t\t\t\t<div class=\"elementor-container elementor-column-gap-default\">\n\t\t\t\t\t<div class=\"elementor-column elementor-col-100 elementor-top-column elementor-element elementor-element-47745b81\" data-id=\"47745b81\" data-element_type=\"column\" data-e-type=\"column\">\n\t\t\t<div class=\"elementor-widget-wrap\">\n\t\t\t\t\t\t\t<\/div>\n\t\t<\/div>\n\t\t\t\t\t<\/div>\n\t\t<\/section>\n\t\t\t\t<section class=\"elementor-section elementor-top-section elementor-element elementor-element-ff282b2 elementor-section-boxed elementor-section-height-default elementor-section-height-default wpr-particle-no wpr-jarallax-no wpr-parallax-no wpr-sticky-section-no\" data-id=\"ff282b2\" data-element_type=\"section\" data-e-type=\"section\">\n\t\t\t\t\t\t<div class=\"elementor-container elementor-column-gap-default\">\n\t\t\t\t\t<div class=\"elementor-column elementor-col-100 elementor-top-column elementor-element elementor-element-9f587d8\" data-id=\"9f587d8\" data-element_type=\"column\" data-e-type=\"column\">\n\t\t\t<div class=\"elementor-widget-wrap elementor-element-populated\">\n\t\t\t\t\t\t<div class=\"elementor-element elementor-element-049f916 elementor-widget elementor-widget-heading\" data-id=\"049f916\" data-element_type=\"widget\" data-e-type=\"widget\" data-widget_type=\"heading.default\">\n\t\t\t\t\t<h2 class=\"elementor-heading-title elementor-size-default\">Unsere Leistungen im \u00dcberblick<\/h2>\t\t\t\t<\/div>\n\t\t\t\t<div class=\"elementor-element elementor-element-5d5edee elementor-widget-divider--view-line elementor-widget elementor-widget-divider\" data-id=\"5d5edee\" data-element_type=\"widget\" data-e-type=\"widget\" data-widget_type=\"divider.default\">\n\t\t\t\t\t\t\t<div class=\"elementor-divider\">\n\t\t\t<span class=\"elementor-divider-separator\">\n\t\t\t\t\t\t<\/span>\n\t\t<\/div>\n\t\t\t\t\t\t<\/div>\n\t\t\t\t<div class=\"elementor-element elementor-element-e705a15 elementor-widget elementor-widget-text-editor\" data-id=\"e705a15\" data-element_type=\"widget\" data-e-type=\"widget\" data-widget_type=\"text-editor.default\">\n\t\t\t\t\t\t\t\t\t<p>Als Dachdecker-Meisterbetrieb f\u00fchre ich alle Dacharbeiten aus;<\/p><p>F\u00fcr Ihre Anfrage erhalten Sie Ihre individuelle L\u00f6sung.<\/p><p>Meine T\u00e4tigkeitsschwerpunkte:<\/p>\t\t\t\t\t\t\t\t<\/div>\n\t\t\t\t<div class=\"elementor-element elementor-element-ffe0808 wpr-logo-position-center elementor-widget elementor-widget-wpr-logo\" data-id=\"ffe0808\" data-element_type=\"widget\" data-e-type=\"widget\" data-widget_type=\"wpr-logo.default\">\n\t\t\t\t\t\t\t\t\n\t\t\t<div class=\"wpr-logo elementor-clearfix\">\n\n\t\t\t\t\t\t\t\t<picture class=\"wpr-logo-image\">\n\t\t\t\t\t\n\t\t\t\t\t\t\t\t\t\t\n\t\t\t\t\t<img decoding=\"async\" src=\"https:\/\/toeppel-dach.de\/wp-content\/uploads\/2026\/02\/sonne.png\" alt=\"\">\n\n\t\t\t\t\t\t\t\t\t\t\t<a class=\"wpr-logo-url\" rel=\"home\" aria-label=\"\" href=\"https:\/\/toeppel-dach.de\/\"><\/a>\n\t\t\t\t\t\t\t\t\t<\/picture>\n\t\t\t\t\n\t\t\t\t\n\t\t\t\t\t\t\t\t\t<a class=\"wpr-logo-url\" rel=\"home\" aria-label=\"\" href=\"https:\/\/toeppel-dach.de\/\"><\/a>\n\t\t\t\t\n\t\t\t<\/div>\n\t\t\t\t\n\t\t\t\t\t\t<\/div>\n\t\t\t\t\t<\/div>\n\t\t<\/div>\n\t\t\t\t\t<\/div>\n\t\t<\/section>\n\t\t\t\t<section class=\"elementor-section elementor-top-section elementor-element elementor-element-60526e96 elementor-section-boxed elementor-section-height-default elementor-section-height-default wpr-particle-no wpr-jarallax-no wpr-parallax-no wpr-sticky-section-no\" data-id=\"60526e96\" data-element_type=\"section\" data-e-type=\"section\">\n\t\t\t\t\t\t<div class=\"elementor-container elementor-column-gap-wide\">\n\t\t\t\t\t<div class=\"elementor-column elementor-col-100 elementor-top-column elementor-element elementor-element-4b19be21\" data-id=\"4b19be21\" data-element_type=\"column\" data-e-type=\"column\">\n\t\t\t<div class=\"elementor-widget-wrap elementor-element-populated\">\n\t\t\t\t\t\t<div class=\"elementor-element elementor-element-485fa3d8 elementor-widget elementor-widget-text-editor\" data-id=\"485fa3d8\" data-element_type=\"widget\" data-e-type=\"widget\" data-widget_type=\"text-editor.default\">\n\t\t\t\t\t\t\t\t\t<ul><li data-start=\"108\" data-end=\"202\"><p data-start=\"110\" data-end=\"202\">Schieferarbeiten an Dach und Wand<br data-start=\"143\" data-end=\"146\" \/>(klassische altdeutsche Deckung, Fischschuppendeckung)<\/p><\/li><li data-start=\"203\" data-end=\"226\"><p data-start=\"205\" data-end=\"226\">Bedachungen aller Art<\/p><\/li><li data-start=\"227\" data-end=\"262\"><p data-start=\"229\" data-end=\"262\">Tonziegel- und Dachsteindeckungen<\/p><\/li><li data-start=\"263\" data-end=\"341\"><p data-start=\"265\" data-end=\"341\">Flachdach- und Bauwerksabdichtungen<br data-start=\"300\" data-end=\"303\" \/>(Bitumen- oder Kunststoffdachbahnen)<\/p><\/li><li data-start=\"342\" data-end=\"381\"><p data-start=\"344\" data-end=\"381\">Einbau und Austausch von Dachfenstern<\/p><\/li><li data-start=\"382\" data-end=\"510\"><p data-start=\"384\" data-end=\"510\">Bauklempner- und Metallarbeiten<br data-start=\"415\" data-end=\"418\" \/>(Rinnen, Fallrohre, Mauerabdeckungen, Verkleidungen aus Zink, Kupfer, Aluminium oder Blei)<\/p><\/li><li data-start=\"511\" data-end=\"542\"><p data-start=\"513\" data-end=\"542\">Photovoltaik und Solarthermie<\/p><\/li><li data-start=\"543\" data-end=\"613\"><p data-start=\"545\" data-end=\"613\">Dachgauben, Dachverl\u00e4ngerungen, Anbauten, Bodentreppen und Vord\u00e4cher<\/p><\/li><li data-start=\"614\" data-end=\"645\"><p data-start=\"616\" data-end=\"645\">Holzbau- und Zimmererarbeiten<\/p><\/li><li data-start=\"646\" data-end=\"657\"><p data-start=\"648\" data-end=\"657\">Gutachten<\/p><\/li><li data-start=\"658\" data-end=\"695\"><p data-start=\"660\" data-end=\"695\">Dach-, Wand- und Abdichtungstechnik<\/p><\/li><li data-start=\"696\" data-end=\"729\"><p data-start=\"698\" data-end=\"729\">W\u00e4rmeschutz und Energieberatung<\/p><\/li><li data-start=\"730\" data-end=\"803\"><p data-start=\"732\" data-end=\"803\">Terrassen- und Balkonbel\u00e4ge<br data-start=\"759\" data-end=\"762\" \/>(z. B. heimische L\u00e4rche oder Bangkirai)<\/p><\/li><li data-start=\"804\" data-end=\"849\"><p data-start=\"806\" data-end=\"849\">Reparaturdienst und Sturmschadenbeseitigung<\/p><\/li><li data-start=\"850\" data-end=\"902\"><p data-start=\"852\" data-end=\"902\">Inspektion und Wartung von Steil- und Flachd\u00e4chern<\/p><\/li><li data-start=\"903\" data-end=\"916\"><p data-start=\"905\" data-end=\"916\">Blitzschutz<\/p><\/li><\/ul>\t\t\t\t\t\t\t\t<\/div>\n\t\t\t\t<div class=\"elementor-element elementor-element-bbfc698 elementor-widget elementor-widget-text-editor\" data-id=\"bbfc698\" data-element_type=\"widget\" data-e-type=\"widget\" data-widget_type=\"text-editor.default\">\n\t\t\t\t\t\t\t\t\t<p>Ich komme selbstverst\u00e4ndlich auch f\u00fcr Reparaturen, Kleinauftr\u00e4ge und f\u00fchre weitere Handwerksleistungen aus;<\/p><p>t\u00e4tig im Hochwald und Gro\u00dfraum Trier \/ Luxembourg.<\/p><p>Sprechen Sie mich an!<\/p>\t\t\t\t\t\t\t\t<\/div>\n\t\t\t\t\t<\/div>\n\t\t<\/div>\n\t\t\t\t\t<\/div>\n\t\t<\/section>\n\t\t\t\t<\/div>\n\t\t","protected":false},"excerpt":{"rendered":"<p>Unsere Leistungen im \u00dcberblick Als Dachdecker-Meisterbetrieb f\u00fchre ich alle Dacharbeiten aus; F\u00fcr Ihre Anfrage erhalten Sie Ihre individuelle L\u00f6sung. Meine T\u00e4tigkeitsschwerpunkte: Schieferarbeiten an Dach und Wand(klassische altdeutsche Deckung, Fischschuppendeckung) Bedachungen aller Art Tonziegel- und Dachsteindeckungen Flachdach- und Bauwerksabdichtungen(Bitumen- oder Kunststoffdachbahnen) Einbau und Austausch von Dachfenstern Bauklempner- und Metallarbeiten(Rinnen, Fallrohre, Mauerabdeckungen, Verkleidungen aus Zink, Kupfer, Aluminium oder Blei) Photovoltaik und Solarthermie Dachgauben, Dachverl\u00e4ngerungen, Anbauten, Bodentreppen und Vord\u00e4cher Holzbau- und Zimmererarbeiten Gutachten Dach-, Wand- und Abdichtungstechnik W\u00e4rmeschutz und Energieberatung Terrassen- und Balkonbel\u00e4ge(z. B. heimische L\u00e4rche oder Bangkirai) Reparaturdienst und Sturmschadenbeseitigung Inspektion und Wartung von Steil- und Flachd\u00e4chern Blitzschutz Ich komme selbstverst\u00e4ndlich auch f\u00fcr Reparaturen, Kleinauftr\u00e4ge und f\u00fchre weitere Handwerksleistungen aus; t\u00e4tig im Hochwald und Gro\u00dfraum Trier \/ Luxembourg. Sprechen Sie mich an!<\/p>\n","protected":false},"author":1,"featured_media":0,"parent":0,"menu_order":0,"comment_status":"closed","ping_status":"closed","template":"elementor_canvas","meta":{"footnotes":""},"class_list":["post-12","page","type-page","status-publish","hentry"],"_links":{"self":[{"href":"https:\/\/toeppel-dach.de\/index.php?rest_route=\/wp\/v2\/pages\/12","targetHints":{"allow":["GET"]}}],"collection":[{"href":"https:\/\/toeppel-dach.de\/index.php?rest_route=\/wp\/v2\/pages"}],"about":[{"href":"https:\/\/toeppel-dach.de\/index.php?rest_route=\/wp\/v2\/types\/page"}],"author":[{"embeddable":true,"href":"https:\/\/toeppel-dach.de\/index.php?rest_route=\/wp\/v2\/users\/1"}],"replies":[{"embeddable":true,"href":"https:\/\/toeppel-dach.de\/index.php?rest_route=%2Fwp%2Fv2%2Fcomments&post=12"}],"version-history":[{"count":10,"href":"https:\/\/toeppel-dach.de\/index.php?rest_route=\/wp\/v2\/pages\/12\/revisions"}],"predecessor-version":[{"id":2278,"href":"https:\/\/toeppel-dach.de\/index.php?rest_route=\/wp\/v2\/pages\/12\/revisions\/2278"}],"wp:attachment":[{"href":"https:\/\/toeppel-dach.de\/index.php?rest_route=%2Fwp%2Fv2%2Fmedia&parent=12"}],"curies":[{"name":"wp","href":"https:\/\/api.w.org\/{rel}","templated":true}]}}