{"id":1112,"date":"2025-12-14T23:10:46","date_gmt":"2025-12-14T22:10:46","guid":{"rendered":"https:\/\/toeppel-dach.de\/?page_id=1112"},"modified":"2026-02-05T11:44:31","modified_gmt":"2026-02-05T10:44:31","slug":"impressum","status":"publish","type":"page","link":"https:\/\/toeppel-dach.de\/?page_id=1112","title":{"rendered":"Impressum"},"content":{"rendered":"\t\t<div data-elementor-type=\"wp-page\" data-elementor-id=\"1112\" class=\"elementor elementor-1112\">\n\t\t\t\t<div class=\"elementor-element elementor-element-c24e033 e-flex e-con-boxed wpr-particle-no wpr-jarallax-no wpr-parallax-no wpr-sticky-section-no e-con e-parent\" data-id=\"c24e033\" data-element_type=\"container\" data-e-type=\"container\">\n\t\t\t\t\t<div class=\"e-con-inner\">\n\t\t\t\t<div class=\"elementor-element elementor-element-68b35a73 elementor-widget elementor-widget-text-editor\" data-id=\"68b35a73\" data-element_type=\"widget\" data-e-type=\"widget\" data-widget_type=\"text-editor.default\">\n\t\t\t\t\t\t\t\t\t<h2 data-start=\"139\" data-end=\"151\">Impressum<\/h2>\n<p data-start=\"153\" data-end=\"178\"><strong data-start=\"153\" data-end=\"178\">Angaben gem\u00e4\u00df \u00a7 5 TMG<\/strong><\/p>\n<p data-start=\"180\" data-end=\"284\"><strong data-start=\"180\" data-end=\"195\">T\u00d6PPEL-DACH<\/strong><br data-start=\"195\" data-end=\"198\" \/>Stephan T\u00f6ppel, Dachdeckermeister<br data-start=\"231\" data-end=\"234\" \/>Martinusstra\u00dfe 22<br data-start=\"251\" data-end=\"254\" \/>54411 Hermeskeil<br data-start=\"270\" data-end=\"273\" \/>Deutschland<\/p>\n<p data-start=\"286\" data-end=\"360\"><strong data-start=\"286\" data-end=\"297\">Kontakt<\/strong><br data-start=\"297\" data-end=\"300\" \/>Telefon: +49 (0) 1522 8488882<br data-start=\"329\" data-end=\"332\" \/>E-Mail: <a class=\"decorated-link cursor-pointer\" rel=\"noopener\" data-start=\"340\" data-end=\"360\">info@toeppel-dach.de<\/a><\/p>\n<p data-start=\"362\" data-end=\"441\"><strong data-start=\"362\" data-end=\"385\">Steuerliche Angaben<\/strong><br data-start=\"385\" data-end=\"388\" \/>Steuernummer: 42\/176\/37007<br data-start=\"414\" data-end=\"417\" \/>USt-IdNr.: DE267767600<\/p>\n<p data-start=\"443\" data-end=\"496\"><strong data-start=\"443\" data-end=\"456\">Luxemburg<\/strong><br data-start=\"456\" data-end=\"459\" \/>TVA-Identifikationsnummer: LU23544136<\/p>\n<p data-start=\"498\" data-end=\"557\"><strong data-start=\"498\" data-end=\"528\">Freistellungsbescheinigung<\/strong><br data-start=\"528\" data-end=\"531\" \/>Zust\u00e4ndig: Finanzamt Trier<\/p>\n<p data-start=\"559\" data-end=\"604\"><strong data-start=\"559\" data-end=\"594\">Betriebshaftpflichtversicherung<\/strong><br data-start=\"594\" data-end=\"597\" \/>Besteht<\/p>\n<p data-start=\"606\" data-end=\"717\"><strong data-start=\"606\" data-end=\"661\">Verantwortlich f\u00fcr den Inhalt nach \u00a7 55 Abs. 2 RStV<\/strong><br data-start=\"661\" data-end=\"664\" \/>Stephan T\u00f6ppel<br data-start=\"678\" data-end=\"681\" \/>Martinusstra\u00dfe 22<br data-start=\"698\" data-end=\"701\" \/>54411 Hermeskeil<\/p>\n<hr data-start=\"719\" data-end=\"722\" \/>\n<h2 data-start=\"724\" data-end=\"746\">Haftung f\u00fcr Inhalte<\/h2>\n<p data-start=\"748\" data-end=\"1251\">Die Inhalte dieser Website wurden mit gr\u00f6\u00dfter Sorgfalt erstellt. F\u00fcr die Richtigkeit, Vollst\u00e4ndigkeit und Aktualit\u00e4t der Inhalte \u00fcbernehmen wir jedoch keine Gew\u00e4hr.<br data-start=\"912\" data-end=\"915\" \/>Als Diensteanbieter sind wir gem\u00e4\u00df \u00a7 7 Abs. 1 TMG f\u00fcr eigene Inhalte auf diesen Seiten nach den allgemeinen Gesetzen verantwortlich. Nach \u00a7\u00a7 8 bis 10 TMG sind wir jedoch nicht verpflichtet, \u00fcbermittelte oder gespeicherte fremde Informationen zu \u00fcberwachen oder nach Umst\u00e4nden zu forschen, die auf eine rechtswidrige T\u00e4tigkeit hinweisen.<\/p>\n<p data-start=\"1253\" data-end=\"1582\">Verpflichtungen zur Entfernung oder Sperrung der Nutzung von Informationen nach den allgemeinen Gesetzen bleiben hiervon unber\u00fchrt. Eine Haftung ist jedoch erst ab dem Zeitpunkt der Kenntnis einer konkreten Rechtsverletzung m\u00f6glich. Bei Bekanntwerden entsprechender Rechtsverletzungen werden wir diese Inhalte umgehend entfernen.<\/p>\n<hr data-start=\"1584\" data-end=\"1587\" \/>\n<h2 data-start=\"1589\" data-end=\"1609\">Haftung f\u00fcr Links<\/h2>\n<p data-start=\"1611\" data-end=\"1889\">Diese Website enth\u00e4lt Links zu externen Websites Dritter, auf deren Inhalte wir keinen Einfluss haben. Daher \u00fcbernehmen wir f\u00fcr diese fremden Inhalte keine Gew\u00e4hr.<br data-start=\"1774\" data-end=\"1777\" \/>F\u00fcr die Inhalte der verlinkten Seiten ist stets der jeweilige Anbieter oder Betreiber der Seiten verantwortlich.<\/p>\n<p data-start=\"1891\" data-end=\"2254\">Die verlinkten Seiten wurden zum Zeitpunkt der Verlinkung auf m\u00f6gliche Rechtsverst\u00f6\u00dfe \u00fcberpr\u00fcft. Rechtswidrige Inhalte waren dabei nicht erkennbar. Eine permanente inhaltliche Kontrolle der verlinkten Seiten ist ohne konkrete Anhaltspunkte einer Rechtsverletzung nicht zumutbar.<br data-start=\"2169\" data-end=\"2172\" \/>Bei Bekanntwerden von Rechtsverletzungen werden derartige Links umgehend entfernt.<\/p>\n<hr data-start=\"2256\" data-end=\"2259\" \/>\n<h2 data-start=\"2261\" data-end=\"2276\">Urheberrecht<\/h2>\n<p data-start=\"2278\" data-end=\"2601\">Die durch den Seitenbetreiber erstellten Inhalte und Werke auf dieser Website unterliegen dem deutschen Urheberrecht.<br data-start=\"2395\" data-end=\"2398\" \/>Die Vervielf\u00e4ltigung, Bearbeitung, Verbreitung und jede Art der Verwertung au\u00dferhalb der Grenzen des Urheberrechtes bed\u00fcrfen der vorherigen schriftlichen Zustimmung des jeweiligen Autors bzw. Erstellers.<\/p>\n<p data-start=\"2603\" data-end=\"3074\">Downloads und Kopien dieser Seite sind nur f\u00fcr den privaten, nicht kommerziellen Gebrauch gestattet.<br data-start=\"2703\" data-end=\"2706\" \/>Soweit Inhalte auf dieser Website nicht vom Betreiber erstellt wurden, werden die Urheberrechte Dritter beachtet und entsprechende Inhalte als solche gekennzeichnet.<br data-start=\"2871\" data-end=\"2874\" \/>Sollten Sie dennoch auf eine Urheberrechtsverletzung aufmerksam werden, bitten wir um einen entsprechenden Hinweis. Bei Bekanntwerden von Rechtsverletzungen werden derartige Inhalte umgehend entfernt.<\/p>\n<hr data-start=\"3076\" data-end=\"3079\" \/>\n<h2 data-start=\"3081\" data-end=\"3109\">Datenschutz (Kurzfassung)<\/h2>\n<p data-start=\"3111\" data-end=\"3457\">Die Nutzung dieser Website ist in der Regel ohne Angabe personenbezogener Daten m\u00f6glich.<br data-start=\"3199\" data-end=\"3202\" \/>Soweit auf dieser Website personenbezogene Daten (z. B. Name, Anschrift oder E-Mail-Adresse) erhoben werden, erfolgt dies \u2013 soweit m\u00f6glich \u2013 stets auf freiwilliger Basis. Diese Daten werden ohne Ihre ausdr\u00fcckliche Zustimmung nicht an Dritte weitergegeben.<\/p>\n<p data-start=\"3459\" data-end=\"3677\">Wir weisen darauf hin, dass die Daten\u00fcbertragung im Internet (z. B. bei der Kommunikation per E-Mail) Sicherheitsl\u00fccken aufweisen kann. Ein vollst\u00e4ndiger Schutz der Daten vor dem Zugriff durch Dritte ist nicht m\u00f6glich.<\/p>\n<p data-start=\"3679\" data-end=\"4017\">Der Nutzung von im Rahmen der Impressumspflicht ver\u00f6ffentlichten Kontaktdaten durch Dritte zur \u00dcbersendung von nicht ausdr\u00fccklich angeforderter Werbung oder Informationsmaterialien wird hiermit ausdr\u00fccklich widersprochen. Rechtliche Schritte im Falle unverlangter Zusendung von Werbeinformationen (z. B. Spam-E-Mails) bleiben vorbehalten.<\/p>\t\t\t\t\t\t\t\t<\/div>\n\t\t\t\t\t<\/div>\n\t\t\t\t<\/div>\n\t\t\t\t<\/div>\n\t\t","protected":false},"excerpt":{"rendered":"<p>Impressum Angaben gem\u00e4\u00df \u00a7 5 TMG T\u00d6PPEL-DACHStephan T\u00f6ppel, DachdeckermeisterMartinusstra\u00dfe 2254411 HermeskeilDeutschland KontaktTelefon: +49 (0) 1522 8488882E-Mail: info@toeppel-dach.de Steuerliche AngabenSteuernummer: 42\/176\/37007USt-IdNr.: DE267767600 LuxemburgTVA-Identifikationsnummer: LU23544136 FreistellungsbescheinigungZust\u00e4ndig: Finanzamt Trier BetriebshaftpflichtversicherungBesteht Verantwortlich f\u00fcr den Inhalt nach \u00a7 55 Abs. 2 RStVStephan T\u00f6ppelMartinusstra\u00dfe 2254411 Hermeskeil Haftung f\u00fcr Inhalte Die Inhalte dieser Website wurden mit gr\u00f6\u00dfter Sorgfalt erstellt. F\u00fcr die Richtigkeit, Vollst\u00e4ndigkeit und Aktualit\u00e4t der Inhalte \u00fcbernehmen wir jedoch keine Gew\u00e4hr.Als Diensteanbieter sind wir gem\u00e4\u00df \u00a7 7 Abs. 1 TMG f\u00fcr eigene Inhalte auf diesen Seiten nach den allgemeinen Gesetzen verantwortlich. Nach \u00a7\u00a7 8 bis 10 TMG sind wir jedoch nicht verpflichtet, \u00fcbermittelte oder gespeicherte fremde Informationen zu \u00fcberwachen oder nach Umst\u00e4nden zu forschen, die auf eine rechtswidrige T\u00e4tigkeit hinweisen. Verpflichtungen zur Entfernung oder Sperrung der Nutzung von Informationen nach den allgemeinen Gesetzen bleiben hiervon unber\u00fchrt. Eine Haftung ist jedoch erst ab dem Zeitpunkt der Kenntnis einer konkreten Rechtsverletzung m\u00f6glich. Bei Bekanntwerden entsprechender Rechtsverletzungen werden wir diese Inhalte umgehend entfernen. Haftung f\u00fcr Links Diese Website enth\u00e4lt Links zu externen Websites Dritter, auf deren Inhalte wir keinen Einfluss haben. Daher \u00fcbernehmen wir f\u00fcr diese fremden Inhalte keine Gew\u00e4hr.F\u00fcr die Inhalte der verlinkten Seiten ist stets der jeweilige Anbieter oder Betreiber der Seiten verantwortlich. Die verlinkten Seiten wurden zum Zeitpunkt der Verlinkung auf m\u00f6gliche Rechtsverst\u00f6\u00dfe \u00fcberpr\u00fcft. Rechtswidrige Inhalte waren dabei nicht erkennbar. Eine permanente inhaltliche Kontrolle der verlinkten Seiten ist ohne konkrete Anhaltspunkte einer Rechtsverletzung nicht zumutbar.Bei Bekanntwerden von Rechtsverletzungen werden derartige Links umgehend entfernt. Urheberrecht Die durch den Seitenbetreiber erstellten Inhalte und Werke auf dieser Website unterliegen dem deutschen Urheberrecht.Die Vervielf\u00e4ltigung, Bearbeitung, Verbreitung und jede Art der Verwertung au\u00dferhalb der Grenzen des Urheberrechtes bed\u00fcrfen der vorherigen schriftlichen Zustimmung des jeweiligen Autors bzw. Erstellers. Downloads und Kopien dieser Seite sind nur f\u00fcr den privaten, nicht kommerziellen Gebrauch gestattet.Soweit Inhalte auf dieser Website nicht vom Betreiber erstellt wurden, werden die Urheberrechte Dritter beachtet und entsprechende Inhalte als solche gekennzeichnet.Sollten Sie dennoch auf eine Urheberrechtsverletzung aufmerksam werden, bitten wir um einen entsprechenden Hinweis. Bei Bekanntwerden von Rechtsverletzungen werden derartige Inhalte umgehend entfernt. Datenschutz (Kurzfassung) Die Nutzung dieser Website ist in der Regel ohne Angabe personenbezogener Daten m\u00f6glich.Soweit auf dieser Website personenbezogene Daten (z. B. Name, Anschrift oder E-Mail-Adresse) erhoben werden, erfolgt dies \u2013 soweit m\u00f6glich \u2013 stets auf freiwilliger Basis. Diese Daten werden ohne Ihre ausdr\u00fcckliche Zustimmung nicht an Dritte weitergegeben. Wir weisen darauf hin, dass die Daten\u00fcbertragung im Internet (z. B. bei der Kommunikation per E-Mail) Sicherheitsl\u00fccken aufweisen kann. Ein vollst\u00e4ndiger Schutz der Daten vor dem Zugriff durch Dritte ist nicht m\u00f6glich. Der Nutzung von im Rahmen der Impressumspflicht ver\u00f6ffentlichten Kontaktdaten durch Dritte zur \u00dcbersendung von nicht ausdr\u00fccklich angeforderter Werbung oder Informationsmaterialien wird hiermit ausdr\u00fccklich widersprochen. Rechtliche Schritte im Falle unverlangter Zusendung von Werbeinformationen (z. B. Spam-E-Mails) bleiben vorbehalten.<\/p>\n","protected":false},"author":1,"featured_media":0,"parent":0,"menu_order":0,"comment_status":"closed","ping_status":"closed","template":"","meta":{"footnotes":""},"class_list":["post-1112","page","type-page","status-publish","hentry"],"_links":{"self":[{"href":"https:\/\/toeppel-dach.de\/index.php?rest_route=\/wp\/v2\/pages\/1112","targetHints":{"allow":["GET"]}}],"collection":[{"href":"https:\/\/toeppel-dach.de\/index.php?rest_route=\/wp\/v2\/pages"}],"about":[{"href":"https:\/\/toeppel-dach.de\/index.php?rest_route=\/wp\/v2\/types\/page"}],"author":[{"embeddable":true,"href":"https:\/\/toeppel-dach.de\/index.php?rest_route=\/wp\/v2\/users\/1"}],"replies":[{"embeddable":true,"href":"https:\/\/toeppel-dach.de\/index.php?rest_route=%2Fwp%2Fv2%2Fcomments&post=1112"}],"version-history":[{"count":15,"href":"https:\/\/toeppel-dach.de\/index.php?rest_route=\/wp\/v2\/pages\/1112\/revisions"}],"predecessor-version":[{"id":2272,"href":"https:\/\/toeppel-dach.de\/index.php?rest_route=\/wp\/v2\/pages\/1112\/revisions\/2272"}],"wp:attachment":[{"href":"https:\/\/toeppel-dach.de\/index.php?rest_route=%2Fwp%2Fv2%2Fmedia&parent=1112"}],"curies":[{"name":"wp","href":"https:\/\/api.w.org\/{rel}","templated":true}]}}